{"id":87,"date":"2019-12-06T16:08:34","date_gmt":"2019-12-06T16:08:34","guid":{"rendered":"http:\/\/bartholomaeusturm.de\/?page_id=87"},"modified":"2019-12-07T17:00:14","modified_gmt":"2019-12-07T17:00:14","slug":"home","status":"publish","type":"page","link":"https:\/\/bartholomaeusturm.de\/?page_id=87","title":{"rendered":"Home"},"content":{"rendered":"<p><strong>Willkommen im Bartholom\u00e4usturm zu Erfurt<\/strong><br \/>\nWissenswertes \u00fcber die Geschichte der verschwundenen Bartholom\u00e4uskirche<br \/>\nund ihrem steinernen Zeugnis.<br \/>\nInteressantes \u00fcber das Carillon im Inneren des Bartholom\u00e4usturmes.<\/p>\n<p><strong>Welcome at St Bartholomew<\/strong><br \/>\nFind out more about the history of the vanished church of St. Bartholomew<br \/>\nand her stone witness.<br \/>\nInformation about the Carillon inside the tower Bartholomew.<\/p>\n<p><strong>Welkom in de Bartholomeustoren van Erfurt<\/strong><br \/>\nWetenswaardigheden over de geschiedenis van de verloren gegaande<br \/>\nBartholomeauskerk en haar stenen getuige.<br \/>\nMeer informatie over het beiaard binnenin de Bartholomeustoren.<\/p>\n<p><strong>Bienvenue dans la tour de St. Bartholom\u00e9 d\u2019Erfurt<\/strong><br \/>\nVous trouvez ici des informations int\u00e9ressantes sur l\u2019histoire de l\u2019\u00e9glise de St. Bartholom\u00e9 disparue,et dont les pierres offrent aujourd\u2019hui le dernier t\u00e9moignage.<br \/>\nInformations int\u00e9ressantes concernant le carillon situ\u00e9 au sein de la tour de St. Bartholom\u00e9.<\/p>\n<p><strong>\u0414\u043e\u0431\u0440\u043e \u043f\u043e\u0436\u0430\u043b\u043e\u0432\u0430\u0442\u044c \u0432 \u0431\u0430\u0448\u043d\u044e \u0421\u0432\u044f\u0442\u043e\u0433\u043e \u0412\u0430\u0440\u0444\u043e\u043b\u043e\u043c\u0435\u044f \u0432 \u042d\u0440\u0444\u0443\u0440\u0442\u0435<\/strong><br \/>\n\u0418\u043d\u0442\u0435\u0440\u0435\u0441\u043d\u044b\u0435 \u0441\u0432\u0435\u0434\u0435\u043d\u0438\u044f \u043e\u0431 \u0438\u0441\u0442\u043e\u0440\u0438\u0438 \u0438\u0441\u0447\u0435\u0437\u043d\u0443\u0432\u0448\u0435\u0439 \u0446\u0435\u0440\u043a\u0432\u0438 \u0421\u0432\u044f\u0442\u043e\u0433\u043e \u0412\u0430\u0440\u0444\u043e\u043b\u043e\u043c\u0435\u044f<br \/>\n\u0438 \u043e \u043a\u0430\u043c\u0435\u043d\u043d\u043e\u043c \u0441\u0432\u0438\u0434\u0435\u0442\u0435\u043b\u0435 \u0435\u0435 \u0441\u0443\u0449\u0435\u0441\u0442\u0432\u043e\u0432\u0430\u043d\u0438\u044f.<br \/>\n\u0418\u043d\u0442\u0435\u0440\u0435\u0441\u043d\u044b\u0435 \u0441\u0432\u0435\u0434\u0435\u043d\u0438\u044f \u043e \u0432\u043d\u0443\u0442\u0440\u0435\u043d\u043d\u0435\u043c \u0443\u0431\u0440\u0430\u043d\u0441\u0442\u0432\u0435 \u0431\u0430\u0448\u043d\u0438 \u0421\u0432\u044f\u0442\u043e\u0433\u043e \u0412\u0430\u0440\u0444\u043e\u043b\u043e\u043c\u0435\u044f.<\/p>\n","protected":false},"excerpt":{"rendered":"<p>Willkommen im Bartholom\u00e4usturm zu Erfurt Wissenswertes \u00fcber die Geschichte der verschwundenen Bartholom\u00e4uskirche und ihrem steinernen Zeugnis. Interessantes \u00fcber das Carillon im Inneren des Bartholom\u00e4usturmes. Welcome at St Bartholomew Find out more about the history of the vanished church of St. Bartholomew and her stone witness. Information about the Carillon inside the tower Bartholomew. Welkom in &hellip; <\/p>\n<p class=\"link-more\"><a href=\"https:\/\/bartholomaeusturm.de\/?page_id=87\" class=\"more-link\"><span class=\"screen-reader-text\">\u201eHome\u201c <\/span>weiterlesen<\/a><\/p>\n","protected":false},"author":1,"featured_media":0,"parent":0,"menu_order":0,"comment_status":"closed","ping_status":"closed","template":"","meta":{"ngg_post_thumbnail":0,"footnotes":""},"class_list":["post-87","page","type-page","status-publish","hentry"],"_links":{"self":[{"href":"https:\/\/bartholomaeusturm.de\/index.php?rest_route=\/wp\/v2\/pages\/87","targetHints":{"allow":["GET"]}}],"collection":[{"href":"https:\/\/bartholomaeusturm.de\/index.php?rest_route=\/wp\/v2\/pages"}],"about":[{"href":"https:\/\/bartholomaeusturm.de\/index.php?rest_route=\/wp\/v2\/types\/page"}],"author":[{"embeddable":true,"href":"https:\/\/bartholomaeusturm.de\/index.php?rest_route=\/wp\/v2\/users\/1"}],"replies":[{"embeddable":true,"href":"https:\/\/bartholomaeusturm.de\/index.php?rest_route=%2Fwp%2Fv2%2Fcomments&post=87"}],"version-history":[{"count":4,"href":"https:\/\/bartholomaeusturm.de\/index.php?rest_route=\/wp\/v2\/pages\/87\/revisions"}],"predecessor-version":[{"id":130,"href":"https:\/\/bartholomaeusturm.de\/index.php?rest_route=\/wp\/v2\/pages\/87\/revisions\/130"}],"wp:attachment":[{"href":"https:\/\/bartholomaeusturm.de\/index.php?rest_route=%2Fwp%2Fv2%2Fmedia&parent=87"}],"curies":[{"name":"wp","href":"https:\/\/api.w.org\/{rel}","templated":true}]}}