{"id":27,"date":"2019-12-06T15:53:09","date_gmt":"2019-12-06T15:53:09","guid":{"rendered":"http:\/\/bartholomaeusturm.de\/?page_id=27"},"modified":"2025-11-12T17:50:04","modified_gmt":"2025-11-12T17:50:04","slug":"carillon","status":"publish","type":"page","link":"https:\/\/bartholomaeusturm.de\/?page_id=27","title":{"rendered":"Carillon"},"content":{"rendered":"\n<p><p><img loading=\"lazy\" decoding=\"async\" class=\"aligncenter wp-image-103 size-full\" src=\"https:\/\/bartholomaeusturm.de\/wp-content\/uploads\/2019\/12\/BT083a-scaled.jpg\" alt=\"\" width=\"2560\" height=\"1714\" srcset=\"https:\/\/bartholomaeusturm.de\/wp-content\/uploads\/2019\/12\/BT083a-scaled.jpg 2560w, https:\/\/bartholomaeusturm.de\/wp-content\/uploads\/2019\/12\/BT083a-300x201.jpg 300w, https:\/\/bartholomaeusturm.de\/wp-content\/uploads\/2019\/12\/BT083a-1024x686.jpg 1024w, https:\/\/bartholomaeusturm.de\/wp-content\/uploads\/2019\/12\/BT083a-768x514.jpg 768w, https:\/\/bartholomaeusturm.de\/wp-content\/uploads\/2019\/12\/BT083a-1536x1029.jpg 1536w, https:\/\/bartholomaeusturm.de\/wp-content\/uploads\/2019\/12\/BT083a-2048x1372.jpg 2048w, https:\/\/bartholomaeusturm.de\/wp-content\/uploads\/2019\/12\/BT083a-1568x1050.jpg 1568w\" sizes=\"auto, (max-width: 706px) 89vw, (max-width: 767px) 82vw, 740px\" \/><\/p>\n<p>1977 stiftete das Ministerium f\u00fcr Kultur der DDR der Stadt Erfurt ein Glockenspiel, das daraufhin von Peter und Margarete Schilling entworfen und in der Glockengie\u00dferei Apolda hergestellt wurde. Nachdem der mittelalterliche Bartholom\u00e4usturm f\u00fcr die Installation des Carillons ausgew\u00e4hlt und baulich vorbereitet wurde, konnte es schlie\u00dflich zwischen August und Oktober 1979 im Turm eingebaut werden. Dem ersten \u00f6ffentlichen Konzert am 7. Oktober 1979 lauschten etwa 15000 Menschen.<\/p><\/p>\n\n\n\n<p>Das Erfurter Carillon besteht aus sechzig Bronzeglocken und hat einen Tonumfang von f\u00fcnf Oktaven (c1, d1, dis1\u2026chromatisch bis c6). Damit geh\u00f6rt es zu den gr\u00f6\u00dferen Instrumenten dieser Art in Deutschland.<br>Die schwerste Glocke wiegt 2.393 kg, die leichtesten 10 kg.<br>Das Gesamtgewicht betr\u00e4gt 13.626 kg.<\/p>\n\n\n\n<p>Der Spieltisch liegt von den Abmessungen zwischen nordamerikanischem und europ\u00e4ischem Standard. Das Pedal ist konkav (leicht) geschweift.<\/p>\n\n\n\n<p>Die Glocken klingen in Konzertstimmung (435 Hz, nicht transponierend)<\/p>\n\n\n\n<p>Drei gro\u00dfe Glocken tragen Inschriften, die von dem Weimarer Grafiker Horst J\u00e4hrling gestaltet wurden: &#8222;Gewidmet dem Drei\u00dfigsten Jahrestag der Deutschen Demokratischen Republik&#8220; auf der Glocke c1, &#8222;Dieses Carillon wurde gestiftet vom Ministerium f\u00fcr Kultur der Deutschen Demokratischen Republik&#8220; auf der Glocke d1 und &#8222;Du unser Jahrhundert es beginnt erst der Mensch in dieser unserer Zeit&#8220;<br>(ein Zitat von Werner Br\u00e4unig) auf der Glocke dis1.<\/p>\n\n\n\n<p>F\u00fchrungen sind auf Anfrage m\u00f6glich.<\/p>\n\n\n\n<p>Weitere Informationen zum Bartholom\u00e4usturm und zum Carillon finden Sie unter: <a href=\"https:\/\/geschichtsmuseen.erfurt.de\/gm\/de\/museen\/stadtmuseum\/index.html\" target=\"_blank\" rel=\"noopener noreferrer\">www.stadtmuseum-erfurt.de<\/a><\/p>\n\n\n\n<p>Informationen zu allen Carillons in Deutschland finden Sie unter: <a href=\"https:\/\/glockenspieler.de\" target=\"_blank\" rel=\"noopener noreferrer\">www.glockenspieler.de<\/a><\/p>\n","protected":false},"excerpt":{"rendered":"<p>1977 stiftete das Ministerium f\u00fcr Kultur der DDR der Stadt Erfurt ein Glockenspiel, das daraufhin von Peter und Margarete Schilling entworfen und in der Glockengie\u00dferei Apolda hergestellt wurde. Nachdem der mittelalterliche Bartholom\u00e4usturm f\u00fcr die Installation des Carillons ausgew\u00e4hlt und baulich vorbereitet wurde, konnte es schlie\u00dflich zwischen August und Oktober 1979 im Turm eingebaut werden. Dem &hellip; <\/p>\n<p class=\"link-more\"><a href=\"https:\/\/bartholomaeusturm.de\/?page_id=27\" class=\"more-link\"><span class=\"screen-reader-text\">\u201eCarillon\u201c <\/span>weiterlesen<\/a><\/p>\n","protected":false},"author":1,"featured_media":0,"parent":0,"menu_order":0,"comment_status":"closed","ping_status":"closed","template":"","meta":{"ngg_post_thumbnail":0,"footnotes":""},"class_list":["post-27","page","type-page","status-publish","hentry"],"_links":{"self":[{"href":"https:\/\/bartholomaeusturm.de\/index.php?rest_route=\/wp\/v2\/pages\/27","targetHints":{"allow":["GET"]}}],"collection":[{"href":"https:\/\/bartholomaeusturm.de\/index.php?rest_route=\/wp\/v2\/pages"}],"about":[{"href":"https:\/\/bartholomaeusturm.de\/index.php?rest_route=\/wp\/v2\/types\/page"}],"author":[{"embeddable":true,"href":"https:\/\/bartholomaeusturm.de\/index.php?rest_route=\/wp\/v2\/users\/1"}],"replies":[{"embeddable":true,"href":"https:\/\/bartholomaeusturm.de\/index.php?rest_route=%2Fwp%2Fv2%2Fcomments&post=27"}],"version-history":[{"count":6,"href":"https:\/\/bartholomaeusturm.de\/index.php?rest_route=\/wp\/v2\/pages\/27\/revisions"}],"predecessor-version":[{"id":1322,"href":"https:\/\/bartholomaeusturm.de\/index.php?rest_route=\/wp\/v2\/pages\/27\/revisions\/1322"}],"wp:attachment":[{"href":"https:\/\/bartholomaeusturm.de\/index.php?rest_route=%2Fwp%2Fv2%2Fmedia&parent=27"}],"curies":[{"name":"wp","href":"https:\/\/api.w.org\/{rel}","templated":true}]}}