{"id":25,"date":"2019-12-06T15:54:29","date_gmt":"2019-12-06T15:54:29","guid":{"rendered":"http:\/\/bartholomaeusturm.de\/?page_id=25"},"modified":"2019-12-16T15:53:36","modified_gmt":"2019-12-16T15:53:36","slug":"geschichte","status":"publish","type":"page","link":"https:\/\/bartholomaeusturm.de\/?page_id=25","title":{"rendered":"Geschichte"},"content":{"rendered":"\r\n<p>Der Kirchturm am Erfurter Anger geh\u00f6rte zu einer der \u00e4ltesten Pfarrkirchen Erfurts, der Bartholom\u00e4uskirche. Sie war zugleich auch Hofkirche der Grafen von Gleichen. Bereits 1182 wurde die Kirche erw\u00e4hnt. Baubeginn am noch heute vorhandenen Turm war 1412, was \u00fcber dem Erdgeschossfenster zu lesen ist (siehe Bild unten).<br>Mit dem Aufsetzen der Turmhaube im Jahr 1468 konnten die Bauarbeiten abgeschlossen werden.<br>Die Kirche war bis etwa Mitte des 16. Jahrhunderts eine reich ausgestattete Pfarrkirche. Nach der Reformation wurde sie der protestantischen Barf\u00fc\u00dfergemeinde zugesprochen, die sie jedoch nur selten nutzte. Das Kirchenschiff verfiel zunehmend und musste nach 1570 wegen Bauf\u00e4lligkeit geschlossen werden. Den Turm der Bartholom\u00e4uskirche mit seinen Glocken nutzte die Barf\u00fc\u00dfergemeinde fortan als L\u00e4uteturrm.<\/p>\r\n\r\n\r\n\r\n<p>Literaturempfehlung: Wolfgang Edler, Verschwundene Erfurter Kirchen; <br>ISBN: 3-13368-117-6<\/p>\r\n\r\n\r\n\r\n<p>F\u00fchrungen sind auf Anfrage m\u00f6glich.<\/p>\r\n\r\n\r\n\r\n<figure id=\"attachment_75\" aria-describedby=\"caption-attachment-75\" style=\"width: 640px\" class=\"wp-caption alignleft\"><img loading=\"lazy\" decoding=\"async\" class=\"wp-image-75 size-large\" src=\"https:\/\/bartholomaeusturm.de\/wp-content\/uploads\/2019\/12\/WS10579a-1024x534.jpg\" alt=\"\" width=\"640\" height=\"334\" srcset=\"https:\/\/bartholomaeusturm.de\/wp-content\/uploads\/2019\/12\/WS10579a-1024x534.jpg 1024w, https:\/\/bartholomaeusturm.de\/wp-content\/uploads\/2019\/12\/WS10579a-300x156.jpg 300w, https:\/\/bartholomaeusturm.de\/wp-content\/uploads\/2019\/12\/WS10579a-768x400.jpg 768w, https:\/\/bartholomaeusturm.de\/wp-content\/uploads\/2019\/12\/WS10579a-1536x800.jpg 1536w, https:\/\/bartholomaeusturm.de\/wp-content\/uploads\/2019\/12\/WS10579a-2048x1067.jpg 2048w, https:\/\/bartholomaeusturm.de\/wp-content\/uploads\/2019\/12\/WS10579a-1568x817.jpg 1568w\" sizes=\"auto, (max-width: 640px) 100vw, 640px\" \/><figcaption id=\"caption-attachment-75\" class=\"wp-caption-text\">Schriftfeld \u00fcber dem Erdgeschossfenster des Bartholom\u00e4usturmes, Anger 52, Erfurt:<br>Anno Domini MCCCCXII feria sexta proxima post festum ascenionis domini incepta est hec structura hujus turris<br>Im Jahre des Herrn 1412 am Samstag nach der Himmelfahrt des Herrn ist der Bau unseres Turmes begonnen worden<\/figcaption><\/figure>\r\n","protected":false},"excerpt":{"rendered":"<p>Der Kirchturm am Erfurter Anger geh\u00f6rte zu einer der \u00e4ltesten Pfarrkirchen Erfurts, der Bartholom\u00e4uskirche. Sie war zugleich auch Hofkirche der Grafen von Gleichen. Bereits 1182 wurde die Kirche erw\u00e4hnt. Baubeginn am noch heute vorhandenen Turm war 1412, was \u00fcber dem Erdgeschossfenster zu lesen ist (siehe Bild unten).Mit dem Aufsetzen der Turmhaube im Jahr 1468 konnten &hellip; <\/p>\n<p class=\"link-more\"><a href=\"https:\/\/bartholomaeusturm.de\/?page_id=25\" class=\"more-link\"><span class=\"screen-reader-text\">\u201eGeschichte\u201c <\/span>weiterlesen<\/a><\/p>\n","protected":false},"author":1,"featured_media":0,"parent":0,"menu_order":0,"comment_status":"closed","ping_status":"closed","template":"","meta":{"ngg_post_thumbnail":0,"footnotes":""},"class_list":["post-25","page","type-page","status-publish","hentry"],"_links":{"self":[{"href":"https:\/\/bartholomaeusturm.de\/index.php?rest_route=\/wp\/v2\/pages\/25","targetHints":{"allow":["GET"]}}],"collection":[{"href":"https:\/\/bartholomaeusturm.de\/index.php?rest_route=\/wp\/v2\/pages"}],"about":[{"href":"https:\/\/bartholomaeusturm.de\/index.php?rest_route=\/wp\/v2\/types\/page"}],"author":[{"embeddable":true,"href":"https:\/\/bartholomaeusturm.de\/index.php?rest_route=\/wp\/v2\/users\/1"}],"replies":[{"embeddable":true,"href":"https:\/\/bartholomaeusturm.de\/index.php?rest_route=%2Fwp%2Fv2%2Fcomments&post=25"}],"version-history":[{"count":7,"href":"https:\/\/bartholomaeusturm.de\/index.php?rest_route=\/wp\/v2\/pages\/25\/revisions"}],"predecessor-version":[{"id":224,"href":"https:\/\/bartholomaeusturm.de\/index.php?rest_route=\/wp\/v2\/pages\/25\/revisions\/224"}],"wp:attachment":[{"href":"https:\/\/bartholomaeusturm.de\/index.php?rest_route=%2Fwp%2Fv2%2Fmedia&parent=25"}],"curies":[{"name":"wp","href":"https:\/\/api.w.org\/{rel}","templated":true}]}}