{"id":225,"date":"2019-12-16T16:22:26","date_gmt":"2019-12-16T16:22:26","guid":{"rendered":"http:\/\/bartholomaeusturm.de\/?page_id=225"},"modified":"2019-12-16T16:22:26","modified_gmt":"2019-12-16T16:22:26","slug":"video","status":"publish","type":"page","link":"https:\/\/bartholomaeusturm.de\/?page_id=225","title":{"rendered":"Video"},"content":{"rendered":"<p>Hier k\u00f6nnen Sie sich Videos \u00fcber das und mit dem Carillon anschauen:<\/p>\n<p><a href=\"https:\/\/www.youtube.com\/watch?v=KCnST_M2PHU\" target=\"_blank\" rel=\"noopener noreferrer\">Das Erfurter Carillon<\/a> (Imagefilm anl\u00e4sslich des 40. Jubil\u00e4ums des Carillons 2019)<\/p>\n<p><a href=\"https:\/\/www.youtube.com\/watch?v=zzk0tGxxiTE\" target=\"_blank\" rel=\"noopener noreferrer\">drums meets bells&nbsp; <\/a>(Schlagzeug und Carillon, 2014)<\/p>\n<p>&nbsp;<\/p>\n<p>&nbsp;<\/p>\n<p>&nbsp;<\/p>\n","protected":false},"excerpt":{"rendered":"<p>Hier k\u00f6nnen Sie sich Videos \u00fcber das und mit dem Carillon anschauen: Das Erfurter Carillon (Imagefilm anl\u00e4sslich des 40. Jubil\u00e4ums des Carillons 2019) drums meets bells&nbsp; (Schlagzeug und Carillon, 2014) &nbsp; &nbsp; &nbsp;<\/p>\n","protected":false},"author":1,"featured_media":0,"parent":0,"menu_order":0,"comment_status":"closed","ping_status":"closed","template":"","meta":{"ngg_post_thumbnail":0,"footnotes":""},"class_list":["post-225","page","type-page","status-publish","hentry"],"_links":{"self":[{"href":"https:\/\/bartholomaeusturm.de\/index.php?rest_route=\/wp\/v2\/pages\/225","targetHints":{"allow":["GET"]}}],"collection":[{"href":"https:\/\/bartholomaeusturm.de\/index.php?rest_route=\/wp\/v2\/pages"}],"about":[{"href":"https:\/\/bartholomaeusturm.de\/index.php?rest_route=\/wp\/v2\/types\/page"}],"author":[{"embeddable":true,"href":"https:\/\/bartholomaeusturm.de\/index.php?rest_route=\/wp\/v2\/users\/1"}],"replies":[{"embeddable":true,"href":"https:\/\/bartholomaeusturm.de\/index.php?rest_route=%2Fwp%2Fv2%2Fcomments&post=225"}],"version-history":[{"count":1,"href":"https:\/\/bartholomaeusturm.de\/index.php?rest_route=\/wp\/v2\/pages\/225\/revisions"}],"predecessor-version":[{"id":227,"href":"https:\/\/bartholomaeusturm.de\/index.php?rest_route=\/wp\/v2\/pages\/225\/revisions\/227"}],"wp:attachment":[{"href":"https:\/\/bartholomaeusturm.de\/index.php?rest_route=%2Fwp%2Fv2%2Fmedia&parent=225"}],"curies":[{"name":"wp","href":"https:\/\/api.w.org\/{rel}","templated":true}]}}