{"id":19,"date":"2019-12-08T17:29:32","date_gmt":"2019-12-08T17:29:32","guid":{"rendered":"http:\/\/bartholomaeusturm.de\/?page_id=19"},"modified":"2020-11-05T06:34:35","modified_gmt":"2020-11-05T06:34:35","slug":"links","status":"publish","type":"page","link":"https:\/\/bartholomaeusturm.de\/?page_id=19","title":{"rendered":"Links"},"content":{"rendered":"<p><a href=\"https:\/\/geschichtsmuseen.erfurt.de\/gm\/de\/museen\/stadtmuseum\/index.html\" target=\"_blank\" rel=\"noopener noreferrer\">Stadtmuseum Erfurt<\/a><br \/>\nEigent\u00fcmer des Carillons im Bartholom\u00e4usturm.<\/p>\n<p><a href=\"https:\/\/www.erfurt.de\/ef\/de\/index.html\" target=\"_blank\" rel=\"noopener noreferrer\">Stadt Erfurt<\/a><br \/>\nOffizelle Website der Stadt Erfurt.<\/p>\n<p><a href=\"https:\/\/glockenspieler.de\" target=\"_blank\" rel=\"noopener noreferrer\">Deutsche Glockenspielvereinigung e.V.<\/a><br \/>\nInformationen rund um Carillons und Glockenspiele in Deutschland.<\/p>\n<p><a href=\"http:\/\/www.carillon.org\" target=\"_blank\" rel=\"noopener noreferrer\">World Carillon Federation<\/a><br \/>\nInternationale Vereinigung von Carillon- und Glockenspiel-Organisationen.<\/p>\n<p><a href=\"https:\/\/www.erfurt-tourismus.de\" target=\"_blank\" rel=\"noopener noreferrer\">Tourismus und Marketing Erfurt GmbH<\/a><br \/>\nDer Spezialist f\u00fcr Erfurt.<\/p>\n<p><a href=\"https:\/\/www.thueringen-entdecken.de\" target=\"_blank\" rel=\"noopener noreferrer\">Th\u00fcringer Tourismus Gesellschaft<\/a><br \/>\nNicht nur Erfurt im Blick, sondern ganz Th\u00fcringen.<\/p>\n<p><a href=\"https:\/\/www.hotel-zumnorde.de\" target=\"_blank\" rel=\"noopener noreferrer\">Hotel Zumnorde Erfurt<\/a><br \/>\nDas Hotel in dem die internationalen Gast-Carillonneure \u00fcbernachten.<\/p>\n<p><a href=\"https:\/\/www.citymanagement-erfurt.de\" target=\"_blank\" rel=\"noopener noreferrer\">City Management Erfurt e.V.<\/a><br \/>\nDie Anziehungskraft der Stadt Erfurt als Stadt des Wohnens, Arbeitens, Einkaufens, der Freizeit und Kultur erh\u00f6hen.<\/p>\n<p><a href=\"https:\/\/tourismusverein-erfurt.de\" target=\"_blank\" rel=\"noopener noreferrer\">Tourismusverein Erfurt e.V.<\/a><br \/>\nTourismus abseits der Pauschalreisen.<\/p>\n<p><a href=\"https:\/\/www.strassedermusik.de\" target=\"_blank\" rel=\"noopener noreferrer\">Strasse der Musik e.V.<\/a><br \/>\nKomponisten in Mitteldeutschland vom Mittelalter bis in die Neuzeit und ihre Wirkungsst\u00e4tten.<\/p>\n<p><a href=\"http:\/\/www.towerbells.org\" target=\"_blank\" rel=\"noopener noreferrer\">Towerbells<\/a><br \/>\nAuflistung von Carillons und anderen Glockeninstrumenten weltweit.<br \/>\n(private Website, in Englisch).<\/p>\n","protected":false},"excerpt":{"rendered":"<p>Stadtmuseum Erfurt Eigent\u00fcmer des Carillons im Bartholom\u00e4usturm. Stadt Erfurt Offizelle Website der Stadt Erfurt. Deutsche Glockenspielvereinigung e.V. Informationen rund um Carillons und Glockenspiele in Deutschland. World Carillon Federation Internationale Vereinigung von Carillon- und Glockenspiel-Organisationen. Tourismus und Marketing Erfurt GmbH Der Spezialist f\u00fcr Erfurt. Th\u00fcringer Tourismus Gesellschaft Nicht nur Erfurt im Blick, sondern ganz Th\u00fcringen. Hotel &hellip; <\/p>\n<p class=\"link-more\"><a href=\"https:\/\/bartholomaeusturm.de\/?page_id=19\" class=\"more-link\"><span class=\"screen-reader-text\">\u201eLinks\u201c <\/span>weiterlesen<\/a><\/p>\n","protected":false},"author":1,"featured_media":0,"parent":0,"menu_order":0,"comment_status":"closed","ping_status":"closed","template":"","meta":{"ngg_post_thumbnail":0,"footnotes":""},"class_list":["post-19","page","type-page","status-publish","hentry"],"_links":{"self":[{"href":"https:\/\/bartholomaeusturm.de\/index.php?rest_route=\/wp\/v2\/pages\/19","targetHints":{"allow":["GET"]}}],"collection":[{"href":"https:\/\/bartholomaeusturm.de\/index.php?rest_route=\/wp\/v2\/pages"}],"about":[{"href":"https:\/\/bartholomaeusturm.de\/index.php?rest_route=\/wp\/v2\/types\/page"}],"author":[{"embeddable":true,"href":"https:\/\/bartholomaeusturm.de\/index.php?rest_route=\/wp\/v2\/users\/1"}],"replies":[{"embeddable":true,"href":"https:\/\/bartholomaeusturm.de\/index.php?rest_route=%2Fwp%2Fv2%2Fcomments&post=19"}],"version-history":[{"count":3,"href":"https:\/\/bartholomaeusturm.de\/index.php?rest_route=\/wp\/v2\/pages\/19\/revisions"}],"predecessor-version":[{"id":351,"href":"https:\/\/bartholomaeusturm.de\/index.php?rest_route=\/wp\/v2\/pages\/19\/revisions\/351"}],"wp:attachment":[{"href":"https:\/\/bartholomaeusturm.de\/index.php?rest_route=%2Fwp%2Fv2%2Fmedia&parent=19"}],"curies":[{"name":"wp","href":"https:\/\/api.w.org\/{rel}","templated":true}]}}