{"id":168,"date":"2019-12-16T10:28:37","date_gmt":"2019-12-16T10:28:37","guid":{"rendered":"http:\/\/bartholomaeusturm.de\/?page_id=168"},"modified":"2025-11-12T17:56:10","modified_gmt":"2025-11-12T17:56:10","slug":"carillon-3","status":"publish","type":"page","link":"https:\/\/bartholomaeusturm.de\/?page_id=168","title":{"rendered":"Le Carillon"},"content":{"rendered":"<div class=\"wp-block-image\">\n<figure class=\"aligncenter\"><img loading=\"lazy\" decoding=\"async\" width=\"2560\" height=\"1714\" src=\"https:\/\/bartholomaeusturm.de\/wp-content\/uploads\/2019\/12\/BT083a-scaled.jpg\" alt=\"\" class=\"wp-image-103\" srcset=\"https:\/\/bartholomaeusturm.de\/wp-content\/uploads\/2019\/12\/BT083a-scaled.jpg 2560w, https:\/\/bartholomaeusturm.de\/wp-content\/uploads\/2019\/12\/BT083a-300x201.jpg 300w, https:\/\/bartholomaeusturm.de\/wp-content\/uploads\/2019\/12\/BT083a-1024x686.jpg 1024w, https:\/\/bartholomaeusturm.de\/wp-content\/uploads\/2019\/12\/BT083a-768x514.jpg 768w, https:\/\/bartholomaeusturm.de\/wp-content\/uploads\/2019\/12\/BT083a-1536x1029.jpg 1536w, https:\/\/bartholomaeusturm.de\/wp-content\/uploads\/2019\/12\/BT083a-2048x1372.jpg 2048w, https:\/\/bartholomaeusturm.de\/wp-content\/uploads\/2019\/12\/BT083a-1568x1050.jpg 1568w\" sizes=\"auto, (max-width: 706px) 89vw, (max-width: 767px) 82vw, 740px\" \/><\/figure>\n<\/div>\n\n\n<p><\/p>\n\n\n\n<p>En 1977, le minist\u00e8re de la culture de la RDA a fait donation d\u2019un carillon \u00e0 la ville d\u2019Erfurt. Ce dernier a \u00e9t\u00e9 con\u00e7u par Peter et Margarete Schilling, puis manufactur\u00e9 dans la fonderie de cloches d\u2019Apolda.<\/p>\n\n\n\n<p>Apr\u00e8s le choix de la tour m\u00e9di\u00e9vale d\u2019Bartholom\u00e4us pour l\u2019installation du carillon et la pr\u00e9paration de la tour pour la construction, l\u2019instrument a enfin pu \u00eatre install\u00e9 entre Ao\u00fbt et Octobre 1979. 15 000 personnes ont assist\u00e9 au premier concert public donn\u00e9 le 7 octobre 1979.<\/p>\n\n\n\n<p>Le carillon d\u2019Erfurt est compos\u00e9 de soixante cloches et a une tessiture de cinq octaves (do1, r\u00e91, etc. chromatique jusqu\u2019\u00e0 do6).<br>Il repr\u00e9sente donc un des grands instruments de ce genre en Allemagne. La cloche la plus lourde p\u00e8se 2 393 kg et la plus l\u00e9g\u00e8re 10 kg. Les soixante cloches en bronze ont un poids total de 13 626 kg.<\/p>\n\n\n\n<p>Les dimensions du clavier se situent entre les normes nord-am\u00e9ricaine et europ\u00e9enne. La p\u00e9dale est l\u00e9g\u00e8rement incurv\u00e9e. Les cloches sonnent en accordage de concert (435 Hz, non transposable).<\/p>\n\n\n\n<p>Trois grandes cloches portent les inscriptions du graphiste Horst J\u00e4hrling, originaire de Weimar. Sur la cloche do1, on peut lire &#8222;D\u00e9di\u00e9 au trenti\u00e8me anniversaire de la R\u00e9publique D\u00e9mocratique Allemande&#8220;, sur la r\u00e91 \u00ab Ce carillon \u00e9tait un don du minist\u00e8re de la culture de la R\u00e9publique D\u00e9mocratique Allemande \u00bb, sur la re di\u00e9se1 &#8222;Du unser Jahrhundert es beginnt erst der Mensch in dieser unserer Zeit&#8220; (citation de Werner Br\u00e4unig).<\/p>\n\n\n\n<p>Des visites guid\u00e9es sont possibles sur rendez-vous (en allemand ou en anglais). S&#8217;il vous pla\u00eet contactez-moi.<\/p>\n","protected":false},"excerpt":{"rendered":"<p>En 1977, le minist\u00e8re de la culture de la RDA a fait donation d\u2019un carillon \u00e0 la ville d\u2019Erfurt. Ce dernier a \u00e9t\u00e9 con\u00e7u par Peter et Margarete Schilling, puis manufactur\u00e9 dans la fonderie de cloches d\u2019Apolda. Apr\u00e8s le choix de la tour m\u00e9di\u00e9vale d\u2019Bartholom\u00e4us pour l\u2019installation du carillon et la pr\u00e9paration de la tour &hellip; <\/p>\n<p class=\"link-more\"><a href=\"https:\/\/bartholomaeusturm.de\/?page_id=168\" class=\"more-link\"><span class=\"screen-reader-text\">\u201eLe Carillon\u201c <\/span>weiterlesen<\/a><\/p>\n","protected":false},"author":1,"featured_media":0,"parent":0,"menu_order":0,"comment_status":"closed","ping_status":"closed","template":"","meta":{"ngg_post_thumbnail":0,"footnotes":""},"class_list":["post-168","page","type-page","status-publish","hentry"],"_links":{"self":[{"href":"https:\/\/bartholomaeusturm.de\/index.php?rest_route=\/wp\/v2\/pages\/168","targetHints":{"allow":["GET"]}}],"collection":[{"href":"https:\/\/bartholomaeusturm.de\/index.php?rest_route=\/wp\/v2\/pages"}],"about":[{"href":"https:\/\/bartholomaeusturm.de\/index.php?rest_route=\/wp\/v2\/types\/page"}],"author":[{"embeddable":true,"href":"https:\/\/bartholomaeusturm.de\/index.php?rest_route=\/wp\/v2\/users\/1"}],"replies":[{"embeddable":true,"href":"https:\/\/bartholomaeusturm.de\/index.php?rest_route=%2Fwp%2Fv2%2Fcomments&post=168"}],"version-history":[{"count":5,"href":"https:\/\/bartholomaeusturm.de\/index.php?rest_route=\/wp\/v2\/pages\/168\/revisions"}],"predecessor-version":[{"id":1324,"href":"https:\/\/bartholomaeusturm.de\/index.php?rest_route=\/wp\/v2\/pages\/168\/revisions\/1324"}],"wp:attachment":[{"href":"https:\/\/bartholomaeusturm.de\/index.php?rest_route=%2Fwp%2Fv2%2Fmedia&parent=168"}],"curies":[{"name":"wp","href":"https:\/\/api.w.org\/{rel}","templated":true}]}}