{"id":131,"date":"2019-12-07T17:02:02","date_gmt":"2019-12-07T17:02:02","guid":{"rendered":"http:\/\/bartholomaeusturm.de\/?page_id=131"},"modified":"2019-12-07T17:04:45","modified_gmt":"2019-12-07T17:04:45","slug":"impressum-impress","status":"publish","type":"page","link":"https:\/\/bartholomaeusturm.de\/?page_id=131","title":{"rendered":"Impressum &#8211; impress"},"content":{"rendered":"<p><strong>www.bartholomaeusturm.de<\/strong><br \/>\n<strong>&#8211; Das Erfurter Carillon &#8211;<\/strong><\/p>\n<p>ist ein Internetangebot von \/ a service by \/ is een internet-diensten aan \/<br \/>\nEst un service en ligne de \/ \u043f\u0440\u0435\u0434\u043b\u043e\u0436\u0435\u043d\u0438\u044f \u0434\u043b\u044f \u0418\u043d\u0442\u0435\u0440\u043d\u0435\u0442\u0430<br \/>\nUlrich Seidel (freier Autor \/ freelance writer \/ freelance schrijver \/ auteur ind\u00e9pendant \/ \u0441\u0432\u043e\u0431\u043e\u0434\u043d\u043e\u0433\u043e \u0430\u0432\u0442\u043e\u0440\u0430)<\/p>\n<p>Steuernummer \/ tax number \/ Fiscaal nummer \/ Num\u00e9ro d&#8217;identification fiscale centre des imp\u00f4ts Erfurt<br \/>\n\u041d\u0430\u043b\u043e\u0433\u043e\u0432\u044b\u0439 \u043d\u043e\u043c\u0435\u0440 \u0432 \u0444\u0438\u043d\u0430\u043d\u0441\u043e\u0432\u043e\u043c \u0443\u043f\u0440\u0430\u0432\u043b\u0435\u043d\u0438\u0438 \u042d\u0440\u0444\u0443\u0440\u0442\u0430<br \/>\nFinanzamt Erfurt 151\/247\/00366<br \/>\nUSt.-ID-Nr.: DE 238675600<\/p>\n<p><strong>Urheberrecht<\/strong><br \/>\nAlle Fotografien dieses Internetangebotes sind urheberrechtlich gesch\u00fctzt. Sie d\u00fcrfen ausschlie\u00dflich f\u00fcr private Zwecke kopiert werden, eine Nutzung in anderen Internetangeboten oder eine gewerbliche Nutzung ist nur nach Genehmigung erlaubt. Anfragen dazu bitte an foto@ansichtssache-erfurt.de.<br \/>\nF\u00fcr den Inhalt von Internetseiten die im Text genannt bzw. verlinkt wurden, \u00fcbernehme ich keinerlei Haftung. Sie stellen nicht meine Meinung dar.<br \/>\nMeinungen, Kritiken und Hinweise zu www.bartholomaeusturm.de &#8211; Das Erfurter Carillon &#8211; bitte per E-Mail an webmaster@ansichtssache-erfurt.de.<\/p>\n<p><strong>Datenschutzerkl\u00e4rung:<\/strong><br \/>\nDiese Webseite verwendet keine Cookies, es werden keinerlei pers\u00f6nliche Daten w\u00e4hrend des Besuches der Webseite gespeichert, verarbeitet und\/oder an Dritte weitergeleitet. Der Provider dieser Webseite (STRATO AG) erfasst beim Aufruf dieser Webseite die IP-Adressen dieser Besucher und speichert diese in Logfiles. Die IP-Adressen der Besucher dieser Webseite werden vom Provider zur Erkennung und Abwehr von Angriffen maximal sieben Tage gespeichert.<\/p>\n<p>All photographs of this website are protected by copyright. They may be copied only for personal use, a use in other Internet services or a commercial use is permitted only after approval. Inquiries please contact to foto@ansichtssache-erfurt.de.<br \/>\nFor the content of Internet pages that were referred to or linked in the text, I assume no liability.<br \/>\nThey do not represent my opinion.<\/p>\n<p>Opinions, reviews, and information on<br \/>\nwww.bartholomaeusturm.de &#8211; The Erfurt Carillon &#8211; Please e-mail to<br \/>\nwebmaster@ansichtssache-erfurt.de<\/p>\n<p>Data protection:<br \/>\nThis website does not use cookies, no personal data is stored, processed and \/ or passed on to third parties during the visit to the website. The provider of this website (STRATO AG) collects the IP addresses of these visitors when calling this website and saves them in log files. The IP addresses of visitors to this website are stored by the provider for detection and defense against attacks for a maximum of seven days.<\/p>\n<p>Al het fotografische materiaal op deze website is auteursrechtelijke beschermd. Het kopieren van dit materiaal is uitsluitend voor priv\u00e9doeleinden toegestaan, gebruik voor commerci\u00eble doeleinden of andere internetuitgaven is alleen na het verlenen van toestemming toegestaan. Aanvragen hiervoor a.u.b. aan foto@ansichtssache-erfurt.de<br \/>\nVoor inhoud op deze website en eventuele verlinkte teksten kan de auteur niet aansprakelijk worden gesteld. Zij geven niet de mening van de auteur weer.<br \/>\nMeningen, kritieken en commentaar aangaande www.bartholomaeusturm.de &#8211; Het Erfurt Beiaard &#8211; a.u.b. per e-mail naar: webmaster@ansichtssache-erfurt.de<br \/>\nPrivacy Policy:<br \/>\nDeze website maakt geen gebruik van cookies, er worden geen persoonlijke gegevens opgeslagen, verwerkt en \/ of doorgegeven aan derden tijdens het bezoek aan de website. De aanbieder van deze website (STRATO AG) verzamelt de IP-adressen van deze bezoekers bij het aanroepen van deze website en slaat deze op in logbestanden. De IP-adressen van bezoekers van deze website worden door de provider opgeslagen voor detectie en verdediging tegen aanvallen gedurende maximaal zeven dagen.<\/p>\n<p>Toutes les photographies en ligne sur ce site web sont prot\u00e9g\u00e9es par des droits d\u2019auteur. Leur utilisation est r\u00e9serv\u00e9e \u00e0 un usage priv\u00e9. La reproduction ou l\u2019utilisation de tout ou partie de ce site pour des offres Internet ou \u00e0 des fins commerciales est formellement interdite sauf autorisation expresse de l\u2019auteur. Adressez vos demandes \u00e0 foto@ansichtssache-erfurt.de<br \/>\nJe d\u00e9cline toute responsabilit\u00e9 quant aux contenus des sites web mentionn\u00e9s dans le texte et aux liens Internet auxquels ils font r\u00e9f\u00e9rence.<br \/>\nAdressez vos opinions, critiques et remarques \u00e0<br \/>\nwww.bartholomaeusturm.de &#8211; Le Erfurt Carillon &#8211;<br \/>\npar e-mail \u00e0 webmaster@ansichtssache-erfurt.de<br \/>\nPolitique de confidentialit\u00e9:<br \/>\nCe site n&#8217;utilise pas de cookies, aucune donn\u00e9e personnelle n&#8217;est stock\u00e9e, trait\u00e9e et \/ ou transmise \u00e0 des tiers lors de la visite du site. Le fournisseur de ce site Web (STRATO AG) recueille les adresses IP de ces visiteurs lors de l&#8217;appel de ce site Web et les enregistre dans des fichiers journaux. Les adresses IP des visiteurs de ce site sont stock\u00e9es par le fournisseur pour la d\u00e9tection et la d\u00e9fense contre les attaques pendant un maximum de sept jours.<\/p>\n<p>\u0412\u0441\u0435 \u0444\u043e\u0442\u043e\u0433\u0440\u0430\u0444\u0438\u0438 \u044d\u0442\u043e\u0433\u043e \u043f\u0440\u0435\u0434\u043b\u043e\u0436\u0435\u043d\u0438\u044f \u0432 \u0418\u043d\u0442\u0435\u0440\u043d\u0435\u0442\u0435 \u0437\u0430\u0449\u0438\u0449\u0435\u043d\u044b \u0430\u0432\u0442\u043e\u0440\u0441\u043a\u0438\u043c \u043f\u0440\u0430\u0432\u043e\u043c. \u0412 \u0438\u0441\u043a\u043b\u044e\u0447\u0438\u0442\u0435\u043b\u044c\u043d\u044b\u0445 \u0441\u043b\u0443\u0447\u0430\u044f\u0445 \u043e\u043d\u0438 \u043c\u043e\u0433\u0443\u0442 \u0431\u044b\u0442\u044c \u043a\u043e\u043f\u0438\u0440\u043e\u0432\u0430\u043d\u044b \u0434\u043b\u044f \u043b\u0438\u0447\u043d\u044b\u0445 \u0446\u0435\u043b\u0435\u0439, \u0438\u0441\u043f\u043e\u043b\u044c\u0437\u043e\u0432\u0430\u043d\u0438\u0435 \u0418\u043d\u0442\u0435\u0440\u043d\u0435\u0442\u0435 \u0438\u043b\u0438 \u043f\u0440\u043e\u0444\u0435\u0441\u0441\u0438\u043e\u043d\u0430\u043b\u044c\u043d\u043e\u0435 \u0438\u0441\u043f\u043e\u043b\u044c\u0437\u043e\u0432\u0430\u043d\u0438\u0435 \u0432\u043e\u0437\u043c\u043e\u0436\u043d\u043e \u043b\u0438\u0448\u044c \u043f\u043e \u0441\u043f\u0435\u0446\u0438\u0430\u043b\u044c\u043d\u043e\u043c\u0443 \u0440\u0430\u0437\u0440\u0435\u0448\u0435\u043d\u0438\u044e.\u0421\u043f\u0440\u0430\u0432\u043a\u0438 \u043f\u043e \u044d\u0442\u043e\u043c\u0443 \u043f\u043e\u0432\u043e\u0434\u0443 \u043d\u0430 \u0441\u0430\u0439\u0442\u0435 foto@ansichtssache-erfurt.de<br \/>\n\u041f\u043e \u0441\u043e\u0434\u0435\u0440\u0436\u0430\u043d\u0438\u044e \u0441\u0442\u0440\u0430\u043d\u0438\u0446 \u0418\u043d\u0442\u0435\u0440\u043d\u0435\u0442\u0430, \u043a\u043e\u0442\u043e\u0440\u044b\u0435 \u043d\u0430\u0437\u0432\u0430\u043d\u044b \u0432 \u0442\u0435\u043a\u0441\u0442\u0435, \u044f \u043e\u0442\u0432\u0435\u0442\u0441\u0442\u0432\u0435\u043d\u043d\u043e\u0441\u0442\u0438 \u043d\u0435 \u043d\u0435\u0441\u0443. \u041e\u043d\u0438 \u0432\u044b\u0440\u0430\u0436\u0430\u044e\u0442 \u043d\u0435 \u043c\u043e\u0435 \u043c\u043d\u0435\u043d\u0438\u0435. \u041c\u043d\u0435\u043d\u0438\u044f, \u043a\u0440\u0438\u0442\u0438\u043a\u0443, \u0437\u0430\u043c\u0435\u0447\u0430\u043d\u0438\u044f \u043d\u0430\u043f\u0440\u0430\u0432\u043b\u044f\u0439\u0442\u0435 \u043f\u043e \u0430\u0434\u0440\u0435\u0441\u0443<br \/>\nwww.bartholomeusturm.de \u2013 \u042d\u0440\u0444\u0443\u0440\u0442 \u043a\u0430\u0440\u0438\u043b\u044c\u043e\u043d &#8211; \u043f\u043e \u044d\u043b\u0435\u043a\u0442\u0440\u043e\u043d\u043d\u0430\u044f \u043f\u043e\u0447\u0442\u0430 webmaster@ansichtssache-erfurt.de.<br \/>\n\u041f\u043e\u043b\u0438\u0442\u0438\u043a\u0430 \u043a\u043e\u043d\u0444\u0438\u0434\u0435\u043d\u0446\u0438\u0430\u043b\u044c\u043d\u043e\u0441\u0442\u0438:<br \/>\n\u041d\u0430 \u044d\u0442\u043e\u043c \u0432\u0435\u0431-\u0441\u0430\u0439\u0442\u0435 \u043d\u0435 \u0438\u0441\u043f\u043e\u043b\u044c\u0437\u0443\u044e\u0442\u0441\u044f \u0444\u0430\u0439\u043b\u044b cookie, \u043b\u0438\u0447\u043d\u044b\u0435 \u0434\u0430\u043d\u043d\u044b\u0435 \u043d\u0435 \u0445\u0440\u0430\u043d\u044f\u0442\u0441\u044f, \u043d\u0435 \u043e\u0431\u0440\u0430\u0431\u0430\u0442\u044b\u0432\u0430\u044e\u0442\u0441\u044f \u0438 \/ \u0438\u043b\u0438 \u043f\u0435\u0440\u0435\u0434\u0430\u044e\u0442\u0441\u044f \u0442\u0440\u0435\u0442\u044c\u0438\u043c \u043b\u0438\u0446\u0430\u043c \u0432\u043e \u0432\u0440\u0435\u043c\u044f \u043f\u043e\u0441\u0435\u0449\u0435\u043d\u0438\u044f \u0432\u0435\u0431-\u0441\u0430\u0439\u0442\u0430. \u041f\u043e\u0441\u0442\u0430\u0432\u0449\u0438\u043a \u044d\u0442\u043e\u0433\u043e \u0441\u0430\u0439\u0442\u0430 (STRATO AG) \u0441\u043e\u0431\u0438\u0440\u0430\u0435\u0442 IP-\u0430\u0434\u0440\u0435\u0441\u0430 \u044d\u0442\u0438\u0445 \u043f\u043e\u0441\u0435\u0442\u0438\u0442\u0435\u043b\u0435\u0439 \u043f\u0440\u0438 \u0432\u044b\u0437\u043e\u0432\u0435 \u044d\u0442\u043e\u0433\u043e \u0432\u0435\u0431-\u0441\u0430\u0439\u0442\u0430 \u0438 \u0441\u043e\u0445\u0440\u0430\u043d\u044f\u0435\u0442 \u0438\u0445 \u0432 \u0444\u0430\u0439\u043b\u0430\u0445 \u0436\u0443\u0440\u043d\u0430\u043b\u043e\u0432. IP-\u0430\u0434\u0440\u0435\u0441\u0430 \u043f\u043e\u0441\u0435\u0442\u0438\u0442\u0435\u043b\u0435\u0439 \u044d\u0442\u043e\u0433\u043e \u0432\u0435\u0431-\u0441\u0430\u0439\u0442\u0430 \u0445\u0440\u0430\u043d\u044f\u0442\u0441\u044f \u043f\u0440\u043e\u0432\u0430\u0439\u0434\u0435\u0440\u043e\u043c \u0434\u043b\u044f \u043e\u0431\u043d\u0430\u0440\u0443\u0436\u0435\u043d\u0438\u044f \u0438 \u0437\u0430\u0449\u0438\u0442\u044b \u043e\u0442 \u0430\u0442\u0430\u043a \u0432 \u0442\u0435\u0447\u0435\u043d\u0438\u0435 \u043c\u0430\u043a\u0441\u0438\u043c\u0443\u043c \u0441\u0435\u043c\u0438 \u0434\u043d\u0435\u0439.<\/p>\n","protected":false},"excerpt":{"rendered":"<p>www.bartholomaeusturm.de &#8211; Das Erfurter Carillon &#8211; ist ein Internetangebot von \/ a service by \/ is een internet-diensten aan \/ Est un service en ligne de \/ \u043f\u0440\u0435\u0434\u043b\u043e\u0436\u0435\u043d\u0438\u044f \u0434\u043b\u044f \u0418\u043d\u0442\u0435\u0440\u043d\u0435\u0442\u0430 Ulrich Seidel (freier Autor \/ freelance writer \/ freelance schrijver \/ auteur ind\u00e9pendant \/ \u0441\u0432\u043e\u0431\u043e\u0434\u043d\u043e\u0433\u043e \u0430\u0432\u0442\u043e\u0440\u0430) Steuernummer \/ tax number \/ Fiscaal nummer \/ Num\u00e9ro &hellip; <\/p>\n<p class=\"link-more\"><a href=\"https:\/\/bartholomaeusturm.de\/?page_id=131\" class=\"more-link\"><span class=\"screen-reader-text\">\u201eImpressum &#8211; impress\u201c <\/span>weiterlesen<\/a><\/p>\n","protected":false},"author":1,"featured_media":0,"parent":0,"menu_order":0,"comment_status":"closed","ping_status":"closed","template":"","meta":{"ngg_post_thumbnail":0,"footnotes":""},"class_list":["post-131","page","type-page","status-publish","hentry"],"_links":{"self":[{"href":"https:\/\/bartholomaeusturm.de\/index.php?rest_route=\/wp\/v2\/pages\/131","targetHints":{"allow":["GET"]}}],"collection":[{"href":"https:\/\/bartholomaeusturm.de\/index.php?rest_route=\/wp\/v2\/pages"}],"about":[{"href":"https:\/\/bartholomaeusturm.de\/index.php?rest_route=\/wp\/v2\/types\/page"}],"author":[{"embeddable":true,"href":"https:\/\/bartholomaeusturm.de\/index.php?rest_route=\/wp\/v2\/users\/1"}],"replies":[{"embeddable":true,"href":"https:\/\/bartholomaeusturm.de\/index.php?rest_route=%2Fwp%2Fv2%2Fcomments&post=131"}],"version-history":[{"count":3,"href":"https:\/\/bartholomaeusturm.de\/index.php?rest_route=\/wp\/v2\/pages\/131\/revisions"}],"predecessor-version":[{"id":135,"href":"https:\/\/bartholomaeusturm.de\/index.php?rest_route=\/wp\/v2\/pages\/131\/revisions\/135"}],"wp:attachment":[{"href":"https:\/\/bartholomaeusturm.de\/index.php?rest_route=%2Fwp%2Fv2%2Fmedia&parent=131"}],"curies":[{"name":"wp","href":"https:\/\/api.w.org\/{rel}","templated":true}]}}